{"id":8,"date":"2018-11-27T09:17:56","date_gmt":"2018-11-27T17:17:56","guid":{"rendered":"https:\/\/younite.us\/index.php\/contact\/"},"modified":"2022-10-18T07:33:58","modified_gmt":"2022-10-18T15:33:58","slug":"start-poc","status":"publish","type":"page","link":"https:\/\/younite.us\/fr\/start-poc\/","title":{"rendered":"Start POC"},"content":{"rendered":"<div data-elementor-type=\"wp-post\" data-elementor-id=\"8\" class=\"elementor elementor-8\" data-elementor-post-type=\"page\">\n\t\t\t\t\t\t<section class=\"elementor-section elementor-top-section elementor-element elementor-element-3269b62 elementor-section-full_width elementor-section-height-default elementor-section-height-default\" data-id=\"3269b62\" data-element_type=\"section\" data-settings=\"{&quot;background_background&quot;:&quot;classic&quot;}\">\n\t\t\t\t\t\t\t<div class=\"elementor-background-overlay\"><\/div>\n\t\t\t\t\t\t\t<div class=\"elementor-container elementor-column-gap-default\">\n\t\t\t\t\t<div class=\"elementor-column elementor-col-100 elementor-top-column elementor-element elementor-element-ce06ec6\" data-id=\"ce06ec6\" data-element_type=\"column\">\n\t\t\t<div class=\"elementor-widget-wrap elementor-element-populated\">\n\t\t\t\t\t\t<div class=\"elementor-element elementor-element-77809f1 elementor-widget elementor-widget-heading\" data-id=\"77809f1\" data-element_type=\"widget\" data-widget_type=\"heading.default\">\n\t\t\t\t<div class=\"elementor-widget-container\">\n\t\t\t\t\t<h2 class=\"elementor-heading-title elementor-size-default\">COMMEN\u00c7ONS<\/h2>\t\t\t\t<\/div>\n\t\t\t\t<\/div>\n\t\t\t\t\t<\/div>\n\t\t<\/div>\n\t\t\t\t\t<\/div>\n\t\t<\/section>\n\t\t\t\t<section class=\"elementor-section elementor-top-section elementor-element elementor-element-34cbd81 elementor-section-boxed elementor-section-height-default elementor-section-height-default\" data-id=\"34cbd81\" data-element_type=\"section\" data-settings=\"{&quot;background_background&quot;:&quot;classic&quot;}\">\n\t\t\t\t\t\t<div class=\"elementor-container elementor-column-gap-default\">\n\t\t\t\t\t<div class=\"elementor-column elementor-col-100 elementor-top-column elementor-element elementor-element-1dfb88a\" data-id=\"1dfb88a\" data-element_type=\"column\">\n\t\t\t<div class=\"elementor-widget-wrap elementor-element-populated\">\n\t\t\t\t\t\t<div class=\"elementor-element elementor-element-0c8d9ed elementor-widget elementor-widget-heading\" data-id=\"0c8d9ed\" data-element_type=\"widget\" data-widget_type=\"heading.default\">\n\t\t\t\t<div class=\"elementor-widget-container\">\n\t\t\t\t\t<h3 class=\"elementor-heading-title elementor-size-large\">Nous pouvons vous aider<\/h3>\t\t\t\t<\/div>\n\t\t\t\t<\/div>\n\t\t\t\t<div class=\"elementor-element elementor-element-2e0e285 elementor-widget elementor-widget-heading\" data-id=\"2e0e285\" data-element_type=\"widget\" data-widget_type=\"heading.default\">\n\t\t\t\t<div class=\"elementor-widget-container\">\n\t\t\t\t\t<h5 class=\"elementor-heading-title elementor-size-default\">Qu'est-ce que cela implique ?   Commencez par un simple POC.<\/h5>\t\t\t\t<\/div>\n\t\t\t\t<\/div>\n\t\t\t\t\t<\/div>\n\t\t<\/div>\n\t\t\t\t\t<\/div>\n\t\t<\/section>\n\t\t\t\t<section class=\"elementor-section elementor-inner-section elementor-element elementor-element-4145a875 elementor-section-boxed elementor-section-height-default elementor-section-height-default\" data-id=\"4145a875\" data-element_type=\"section\">\n\t\t\t\t\t\t<div class=\"elementor-container elementor-column-gap-wider\">\n\t\t\t\t\t<div class=\"elementor-column elementor-col-33 elementor-inner-column elementor-element elementor-element-5c317912\" data-id=\"5c317912\" data-element_type=\"column\">\n\t\t\t<div class=\"elementor-widget-wrap elementor-element-populated\">\n\t\t\t\t\t\t<div class=\"elementor-element elementor-element-2403a1c elementor-widget elementor-widget-heading\" data-id=\"2403a1c\" data-element_type=\"widget\" data-widget_type=\"heading.default\">\n\t\t\t\t<div class=\"elementor-widget-container\">\n\t\t\t\t\t<h3 class=\"elementor-heading-title elementor-size-default\"><a href=\"https:\/\/younite.us\/dataintegration\/\">1. Mod\u00e9lisez vos Donn\u00e9es<\/a><\/h3>\t\t\t\t<\/div>\n\t\t\t\t<\/div>\n\t\t\t\t<div class=\"elementor-element elementor-element-0e314a7 elementor-widget elementor-widget-text-editor\" data-id=\"0e314a7\" data-element_type=\"widget\" data-widget_type=\"text-editor.default\">\n\t\t\t\t<div class=\"elementor-widget-container\">\n\t\t\t\t\t\t\t\t\t<p class=\" translation-block\">Consultez l'<a href=\"https:\/\/younite.us\/resources\/An-Introduction-to-YOUnite.html\" target=\"_blank\" rel=\"noopener\">Introduction \u00e0 YOUnite<\/a>.\u00a0S\u00e9lectionnez ensuite un petit sous-ensemble de syst\u00e8mes \u00e0 cibler dans le cadre de votre f\u00e9d\u00e9ration de donn\u00e9es. S\u00e9lectionnez ensuite le type de donn\u00e9es \u00e0 f\u00e9d\u00e9rer (acheminement des niveaux de donn\u00e9es), par exemple les donn\u00e9es relatives aux clients, aux pi\u00e8ces d\u00e9tach\u00e9es ou aux employ\u00e9s. Et ensuite <a href=\"https:\/\/younite.us\/resources\/First-Steps-YOUNITEadmin-and-DGS.html\" target=\"_blank\" rel=\"noopener\">mod\u00e9lisez vos donn\u00e9es<\/a>.<\/p>\t\t\t\t\t\t\t\t<\/div>\n\t\t\t\t<\/div>\n\t\t\t\t\t<\/div>\n\t\t<\/div>\n\t\t\t\t<div class=\"elementor-column elementor-col-33 elementor-inner-column elementor-element elementor-element-626d177\" data-id=\"626d177\" data-element_type=\"column\">\n\t\t\t<div class=\"elementor-widget-wrap elementor-element-populated\">\n\t\t\t\t\t\t<div class=\"elementor-element elementor-element-6b9a005 elementor-widget elementor-widget-heading\" data-id=\"6b9a005\" data-element_type=\"widget\" data-widget_type=\"heading.default\">\n\t\t\t\t<div class=\"elementor-widget-container\">\n\t\t\t\t\t<h3 class=\"elementor-heading-title elementor-size-default\">2. Configurer les adaptateurs<\/h3>\t\t\t\t<\/div>\n\t\t\t\t<\/div>\n\t\t\t\t<div class=\"elementor-element elementor-element-49e5b3e elementor-widget elementor-widget-text-editor\" data-id=\"49e5b3e\" data-element_type=\"widget\" data-widget_type=\"text-editor.default\">\n\t\t\t\t<div class=\"elementor-widget-container\">\n\t\t\t\t\t\t\t\t\t<p class=\" translation-block\">Si les syst\u00e8mes POC sont des bases de donn\u00e9es relationnelles ou peuvent \u00eatre int\u00e9gr\u00e9s avec Kafka, alors configurez les <a href=\"https:\/\/younite.us\/resources\/YOUnite-DB-Adaptor-Quick-Start.html\" target=\"_blank\" rel=\"noopener\">adaptateurs disponibles de YOUnite<\/a>. Pour les autres syst\u00e8mes, les adaptateurs peuvent \u00eatre \u00e9crits en utilisant <a href=\"https:\/\/younite.us\/resources\/Adaptor-SDK-Summary.html\" target=\"_blank\" rel=\"noopener\">l'Adaptor SDK de YOUnite<\/a>.<\/p>\t\t\t\t\t\t\t\t<\/div>\n\t\t\t\t<\/div>\n\t\t\t\t\t<\/div>\n\t\t<\/div>\n\t\t\t\t<div class=\"elementor-column elementor-col-33 elementor-inner-column elementor-element elementor-element-55dc4399\" data-id=\"55dc4399\" data-element_type=\"column\">\n\t\t\t<div class=\"elementor-widget-wrap elementor-element-populated\">\n\t\t\t\t\t\t<div class=\"elementor-element elementor-element-2545d68 elementor-widget elementor-widget-heading\" data-id=\"2545d68\" data-element_type=\"widget\" data-widget_type=\"heading.default\">\n\t\t\t\t<div class=\"elementor-widget-container\">\n\t\t\t\t\t<h3 class=\"elementor-heading-title elementor-size-default\">3. D\u00e9ployez votre POC<\/h3>\t\t\t\t<\/div>\n\t\t\t\t<\/div>\n\t\t\t\t<div class=\"elementor-element elementor-element-aecc326 elementor-widget elementor-widget-text-editor\" data-id=\"aecc326\" data-element_type=\"widget\" data-widget_type=\"text-editor.default\">\n\t\t\t\t<div class=\"elementor-widget-container\">\n\t\t\t\t\t\t\t\t\t<p class=\" translation-block\">La <a href=\"https:\/\/younite.us\/resources\/Glossary.html#Glossary-youniteStack\" target=\"_blank\" rel=\"noopener\">pile YOUnite<\/a> est d\u00e9ploy\u00e9e \u00e0 l'aide de Docker en tant que <a href=\"https:\/\/younite.us\/resources\/Quick-Start-Local.html\" target=\"_blank\" rel=\"noopener\">mise en \u0153uvre d'un seul n\u0153ud<\/a> or<a href=\"https:\/\/younite.us\/resources\/Quick-Start-AWS.html\" target=\"_blank\" rel=\"noopener\">\u00a0ou en tant que cluster Kubernetes <\/a> localement ou dans le cloud.<\/p>\t\t\t\t\t\t\t\t<\/div>\n\t\t\t\t<\/div>\n\t\t\t\t\t<\/div>\n\t\t<\/div>\n\t\t\t\t\t<\/div>\n\t\t<\/section>\n\t\t\t\t<section class=\"elementor-section elementor-top-section elementor-element elementor-element-fdabd08 elementor-section-boxed elementor-section-height-default elementor-section-height-default\" data-id=\"fdabd08\" data-element_type=\"section\" data-settings=\"{&quot;background_background&quot;:&quot;classic&quot;}\">\n\t\t\t\t\t\t<div class=\"elementor-container elementor-column-gap-default\">\n\t\t\t\t\t<div class=\"elementor-column elementor-col-100 elementor-top-column elementor-element elementor-element-49f4712\" data-id=\"49f4712\" data-element_type=\"column\">\n\t\t\t<div class=\"elementor-widget-wrap elementor-element-populated\">\n\t\t\t\t\t\t<div class=\"elementor-element elementor-element-62d1301 elementor-widget elementor-widget-spacer\" data-id=\"62d1301\" data-element_type=\"widget\" data-widget_type=\"spacer.default\">\n\t\t\t\t<div class=\"elementor-widget-container\">\n\t\t\t\t\t\t\t<div class=\"elementor-spacer\">\n\t\t\t<div class=\"elementor-spacer-inner\"><\/div>\n\t\t<\/div>\n\t\t\t\t\t\t<\/div>\n\t\t\t\t<\/div>\n\t\t\t\t<section class=\"elementor-section elementor-inner-section elementor-element elementor-element-52a92dc elementor-section-boxed elementor-section-height-default elementor-section-height-default\" data-id=\"52a92dc\" data-element_type=\"section\">\n\t\t\t\t\t\t<div class=\"elementor-container elementor-column-gap-default\">\n\t\t\t\t\t<div class=\"elementor-column elementor-col-50 elementor-inner-column elementor-element elementor-element-720f62d\" data-id=\"720f62d\" data-element_type=\"column\" data-settings=\"{&quot;background_background&quot;:&quot;classic&quot;}\">\n\t\t\t<div class=\"elementor-widget-wrap elementor-element-populated\">\n\t\t\t\t\t<div class=\"elementor-background-overlay\"><\/div>\n\t\t\t\t\t\t<div class=\"elementor-element elementor-element-541242e elementor-widget elementor-widget-heading\" data-id=\"541242e\" data-element_type=\"widget\" data-widget_type=\"heading.default\">\n\t\t\t\t<div class=\"elementor-widget-container\">\n\t\t\t\t\t<h2 class=\"elementor-heading-title elementor-size-default\">Parlons-En<\/h2>\t\t\t\t<\/div>\n\t\t\t\t<\/div>\n\t\t\t\t<div class=\"elementor-element elementor-element-b4773bb elementor-widget elementor-widget-text-editor\" data-id=\"b4773bb\" data-element_type=\"widget\" data-widget_type=\"text-editor.default\">\n\t\t\t\t<div class=\"elementor-widget-container\">\n\t\t\t\t\t\t\t\t\t<p>Renoncer aux int\u00e9grations traditionnelles et ad hoc au profit d'une architecture unifi\u00e9e de donn\u00e9es f\u00e9d\u00e9r\u00e9es permettra de:<\/p><ul><li>R\u00e9duire consid\u00e9rablement le co\u00fbt total de possession (TCO) de votre int\u00e9gration.<\/li><li>Am\u00e9liorer le retour sur investissement de vos actifs de donn\u00e9es actuels et, en fin de compte, fournir un avantage concurrentiel total \u00e0 votre organisation.<\/li><li>Fournir un v\u00e9ritable \" vue \u00e0 volet unique \" unifi\u00e9 pour l'ensemble de vos donn\u00e9es.<\/li><\/ul><p>Contactez-nous si vous avez besoin d'aide.<\/p>\t\t\t\t\t\t\t\t<\/div>\n\t\t\t\t<\/div>\n\t\t\t\t<div class=\"elementor-element elementor-element-a657724 elementor-widget elementor-widget-image\" data-id=\"a657724\" data-element_type=\"widget\" data-widget_type=\"image.default\">\n\t\t\t\t<div class=\"elementor-widget-container\">\n\t\t\t\t\t\t\t\t\t\t\t\t\t\t\t<img decoding=\"async\" width=\"136\" height=\"23\" src=\"https:\/\/younite.us\/wp-content\/uploads\/2021\/05\/sales.png\" class=\"attachment-large size-large wp-image-644\" alt=\"\" \/>\t\t\t\t\t\t\t\t\t\t\t\t\t\t\t<\/div>\n\t\t\t\t<\/div>\n\t\t\t\t\t<\/div>\n\t\t<\/div>\n\t\t\t\t<div class=\"elementor-column elementor-col-50 elementor-inner-column elementor-element elementor-element-8f9b58a\" data-id=\"8f9b58a\" data-element_type=\"column\" data-settings=\"{&quot;background_background&quot;:&quot;classic&quot;}\">\n\t\t\t<div class=\"elementor-widget-wrap elementor-element-populated\">\n\t\t\t\t\t<div class=\"elementor-background-overlay\"><\/div>\n\t\t\t\t\t\t<div class=\"elementor-element elementor-element-e06481c elementor-widget__width-inherit elementor-widget elementor-widget-heading\" data-id=\"e06481c\" data-element_type=\"widget\" data-widget_type=\"heading.default\">\n\t\t\t\t<div class=\"elementor-widget-container\">\n\t\t\t\t\t<h2 class=\"elementor-heading-title elementor-size-default\">Commencez d\u00e8s maintenant<\/h2>\t\t\t\t<\/div>\n\t\t\t\t<\/div>\n\t\t\t\t<div class=\"elementor-element elementor-element-99a600e elementor-widget elementor-widget-text-editor\" data-id=\"99a600e\" data-element_type=\"widget\" data-widget_type=\"text-editor.default\">\n\t\t\t\t<div class=\"elementor-widget-container\">\n\t\t\t\t\t\t\t\t\t<p>La pile YOUnite par d\u00e9faut est mise en \u0153uvre comme une s\u00e9rie de conteneurs Docker.<\/p><p class=\" translation-block\">Suivez <a href=\"https:\/\/younite.us\/resources\/Getting-Started.html\" target=\"_blank\" rel=\"noopener\">ces \u00e9tapes<\/a> pour mettre en place un d\u00e9ploiement YOUnite le plus rapidement possible sur votre syst\u00e8me local ou dans votre compte AWS.<\/p><p>Contactez-nous si vous avez besoin d'aide.<\/p>\t\t\t\t\t\t\t\t<\/div>\n\t\t\t\t<\/div>\n\t\t\t\t<div class=\"elementor-element elementor-element-781603c elementor-widget elementor-widget-image\" data-id=\"781603c\" data-element_type=\"widget\" data-widget_type=\"image.default\">\n\t\t\t\t<div class=\"elementor-widget-container\">\n\t\t\t\t\t\t\t\t\t\t\t\t\t\t\t<img decoding=\"async\" width=\"136\" height=\"23\" src=\"https:\/\/younite.us\/wp-content\/uploads\/2021\/05\/sales.png\" class=\"attachment-large size-large wp-image-644\" alt=\"\" \/>\t\t\t\t\t\t\t\t\t\t\t\t\t\t\t<\/div>\n\t\t\t\t<\/div>\n\t\t\t\t\t<\/div>\n\t\t<\/div>\n\t\t\t\t\t<\/div>\n\t\t<\/section>\n\t\t\t\t\t<\/div>\n\t\t<\/div>\n\t\t\t\t\t<\/div>\n\t\t<\/section>\n\t\t\t\t<section class=\"elementor-section elementor-top-section elementor-element elementor-element-f4cf754 elementor-section-boxed elementor-section-height-default elementor-section-height-default\" data-id=\"f4cf754\" data-element_type=\"section\">\n\t\t\t\t\t\t<div class=\"elementor-container elementor-column-gap-default\">\n\t\t\t\t\t<div class=\"elementor-column elementor-col-100 elementor-top-column elementor-element elementor-element-70c1623\" data-id=\"70c1623\" data-element_type=\"column\">\n\t\t\t<div class=\"elementor-widget-wrap elementor-element-populated\">\n\t\t\t\t\t\t<div class=\"elementor-element elementor-element-76f931e elementor-widget elementor-widget-spacer\" data-id=\"76f931e\" data-element_type=\"widget\" data-widget_type=\"spacer.default\">\n\t\t\t\t<div class=\"elementor-widget-container\">\n\t\t\t\t\t\t\t<div class=\"elementor-spacer\">\n\t\t\t<div class=\"elementor-spacer-inner\"><\/div>\n\t\t<\/div>\n\t\t\t\t\t\t<\/div>\n\t\t\t\t<\/div>\n\t\t\t\t\t<\/div>\n\t\t<\/div>\n\t\t\t\t\t<\/div>\n\t\t<\/section>\n\t\t\t\t<\/div>","protected":false},"excerpt":{"rendered":"<p>LET&#8217;S GET STARTED We can help What&#8217;s involved? Start with a simple POC. 1. Model Your Data Review the Introduction to YOUnite.\u00a0 Then select a small subset of systems to target as part of your data federation. Then select type of data to be federated\u00a0 (data tier routing) such as\u00a0 customer, parts, employee data. Then &hellip;<\/p>\n<p class=\"read-more\"> <a class=\"\" href=\"https:\/\/younite.us\/fr\/start-poc\/\"> <span class=\"screen-reader-text\">Start POC<\/span> Lire la suite\u00a0\u00bb<\/a><\/p>","protected":false},"author":1,"featured_media":0,"parent":0,"menu_order":0,"comment_status":"closed","ping_status":"closed","template":"","meta":{"_mi_skip_tracking":false,"_monsterinsights_sitenote_active":false,"_monsterinsights_sitenote_note":"","_monsterinsights_sitenote_category":0,"footnotes":""},"class_list":["post-8","page","type-page","status-publish","hentry"],"aioseo_notices":[],"_links":{"self":[{"href":"https:\/\/younite.us\/fr\/wp-json\/wp\/v2\/pages\/8","targetHints":{"allow":["GET"]}}],"collection":[{"href":"https:\/\/younite.us\/fr\/wp-json\/wp\/v2\/pages"}],"about":[{"href":"https:\/\/younite.us\/fr\/wp-json\/wp\/v2\/types\/page"}],"author":[{"embeddable":true,"href":"https:\/\/younite.us\/fr\/wp-json\/wp\/v2\/users\/1"}],"replies":[{"embeddable":true,"href":"https:\/\/younite.us\/fr\/wp-json\/wp\/v2\/comments?post=8"}],"version-history":[{"count":103,"href":"https:\/\/younite.us\/fr\/wp-json\/wp\/v2\/pages\/8\/revisions"}],"predecessor-version":[{"id":4396,"href":"https:\/\/younite.us\/fr\/wp-json\/wp\/v2\/pages\/8\/revisions\/4396"}],"wp:attachment":[{"href":"https:\/\/younite.us\/fr\/wp-json\/wp\/v2\/media?parent=8"}],"curies":[{"name":"wp","href":"https:\/\/api.w.org\/{rel}","templated":true}]}}