{"id":573,"date":"2018-11-27T09:17:08","date_gmt":"2018-11-27T17:17:08","guid":{"rendered":"https:\/\/younite.us\/index.php\/about\/"},"modified":"2023-11-20T16:58:50","modified_gmt":"2023-11-21T00:58:50","slug":"about","status":"publish","type":"page","link":"https:\/\/younite.us\/fr\/a-propos\/","title":{"rendered":"\u00c0 propos"},"content":{"rendered":"<div data-elementor-type=\"wp-post\" data-elementor-id=\"573\" class=\"elementor elementor-573\" data-elementor-post-type=\"page\">\n\t\t\t\t\t\t<section class=\"elementor-section elementor-top-section elementor-element elementor-element-d7d8b56 elementor-section-full_width elementor-section-height-default elementor-section-height-default\" data-id=\"d7d8b56\" data-element_type=\"section\" data-settings=\"{&quot;background_background&quot;:&quot;classic&quot;}\">\n\t\t\t\t\t\t\t<div class=\"elementor-background-overlay\"><\/div>\n\t\t\t\t\t\t\t<div class=\"elementor-container elementor-column-gap-default\">\n\t\t\t\t\t<div class=\"elementor-column elementor-col-100 elementor-top-column elementor-element elementor-element-fd69444\" data-id=\"fd69444\" data-element_type=\"column\">\n\t\t\t<div class=\"elementor-widget-wrap elementor-element-populated\">\n\t\t\t\t\t\t<div class=\"elementor-element elementor-element-abcc2f2 elementor-widget elementor-widget-heading\" data-id=\"abcc2f2\" data-element_type=\"widget\" data-widget_type=\"heading.default\">\n\t\t\t\t<div class=\"elementor-widget-container\">\n\t\t\t\t\t<h3 class=\"elementor-heading-title elementor-size-xl\">ABOUT YOUnite<\/h3>\t\t\t\t<\/div>\n\t\t\t\t<\/div>\n\t\t\t\t\t<\/div>\n\t\t<\/div>\n\t\t\t\t\t<\/div>\n\t\t<\/section>\n\t\t\t\t<section class=\"elementor-section elementor-top-section elementor-element elementor-element-e90a943 elementor-section-boxed elementor-section-height-default elementor-section-height-default\" data-id=\"e90a943\" data-element_type=\"section\">\n\t\t\t\t\t\t<div class=\"elementor-container elementor-column-gap-default\">\n\t\t\t\t\t<div class=\"elementor-column elementor-col-100 elementor-top-column elementor-element elementor-element-2126f92\" data-id=\"2126f92\" data-element_type=\"column\">\n\t\t\t<div class=\"elementor-widget-wrap elementor-element-populated\">\n\t\t\t\t\t\t<div class=\"elementor-element elementor-element-d8f9f49 elementor-widget elementor-widget-text-editor\" data-id=\"d8f9f49\" data-element_type=\"widget\" data-widget_type=\"text-editor.default\">\n\t\t\t\t<div class=\"elementor-widget-container\">\n\t\t\t\t\t\t\t\t\t<p>YOUnite is a Silicon Valley based Enterprise Software start-up company, focused on providing near real-time Federated Data Unification and Data Governance solutions to corporations and systems integrators who are exploring emerging Data Fabric and Graph Technology data ecosystems.<\/p><p>YOUnite\u2019s event-driven, Data Unification platform is a data fabric that enables corporations to access multiple disparate data domains at scale, including cloud, on-premise or third party domain data, with high granularity and governance, which can then be interrogated and managed using 3rd party Graph Technologies and\/or Artificial Intelligence.<\/p><p><span style=\"font-weight: 400;\">YOUnite a \u00e9t\u00e9 fond\u00e9 par Mark Fitzpatrick et Tony Siress pour faire face \u00e0 la quantit\u00e9 croissante de donn\u00e9es personnelles cr\u00e9\u00e9es et stock\u00e9es dans une myriade de syst\u00e8mes et d'appareils en r\u00e9seau.\u00a0L'objectif \u00e9tait de permettre au consommateur de contr\u00f4ler qui pouvait avoir acc\u00e8s \u00e0 ses donn\u00e9es.<\/span><\/p><p>Lorsqu'il est apparu que la grande majorit\u00e9 des consommateurs \u00e9taient plus pr\u00e9occup\u00e9s par leur engagement au sein des applications et des plateformes sociales que par leur vie priv\u00e9e, l'entreprise s'est orient\u00e9e vers la fourniture aux organisations des outils n\u00e9cessaires pour g\u00e9rer correctement leurs donn\u00e9es structur\u00e9es et les \"donn\u00e9es utilisateur\" qu'elles collectent.<\/p><p><span style=\"font-weight: 400;\">YOUnite a compris que si les entreprises voulaient acqu\u00e9rir des avantages concurrentiels \u00e0 l'\u00e8re du num\u00e9rique, elles devaient abandonner les int\u00e9grations traditionnelles orient\u00e9es vers le traitement par lots au profit d'une plateforme plus unifi\u00e9e, pilot\u00e9e par les \u00e9v\u00e9nements et en temps r\u00e9el, afin de s'adapter au nombre et aux types croissants de silos de donn\u00e9es.<\/span><\/p><p><span style=\"font-weight: 400;\">YOUnite aborde les probl\u00e8mes de confidentialit\u00e9, de gestion et de contr\u00f4le des donn\u00e9es avec une plateforme brevet\u00e9e d'unification des donn\u00e9es f\u00e9d\u00e9r\u00e9es qui constitue une solution hautement flexible, hautement s\u00e9curis\u00e9e, \u00e9volutive et rentable.<\/span><\/p><p><span style=\"font-weight: 400;\">La technologie YOUnite garantit que les donn\u00e9es sont disponibles, pr\u00e9cises et coh\u00e9rentes dans tous les environnements. En outre, la technologie YOUnite assure la confidentialit\u00e9 du contenu gr\u00e2ce \u00e0 la notion de partage s\u00e9lectif \u00e0 granularit\u00e9 fine. La technologie YOUnite pr\u00e9sente un moyen r\u00e9volutionnaire et brevet\u00e9 de distribuer les donn\u00e9es en toute s\u00e9curit\u00e9 d\u00e8s leur mise \u00e0 jour.<\/span><\/p><p><span style=\"font-weight: 400;\">YOUnite\u2019s Data Unification platform allows businesses and organizations to create global, distributed information exchanges. Using YOUnite REST APIs, developers can create applications that will propagate information between multiple devices\/clients, users and organizations without requiring data to be stored in a central repository. Users, businesses and organizations can choose where they want their data stored, with whom they want to share it and how much they want to share down to the attribute level.<\/span><\/p>\t\t\t\t\t\t\t\t<\/div>\n\t\t\t\t<\/div>\n\t\t\t\t<div class=\"elementor-element elementor-element-2b18ad6 elementor-widget elementor-widget-text-editor\" data-id=\"2b18ad6\" data-element_type=\"widget\" data-widget_type=\"text-editor.default\">\n\t\t\t\t<div class=\"elementor-widget-container\">\n\t\t\t\t\t\t\t\t\t<h3><b>Le Conseil d'Administration<\/b><\/h3><h4><img decoding=\"async\" class=\"alignnone size-full wp-image-4281\" style=\"font-size: 16px; font-weight: inherit;\" src=\"http:\/\/younite.us\/wp-content\/uploads\/2022\/03\/MarkFitzCircle-2.png\" alt=\"Mark Fitzpatrick Picture\" width=\"202\" height=\"202\" srcset=\"https:\/\/younite.us\/wp-content\/uploads\/2022\/03\/MarkFitzCircle-2.png 202w, https:\/\/younite.us\/wp-content\/uploads\/2022\/03\/MarkFitzCircle-2-150x150.png 150w, https:\/\/younite.us\/wp-content\/uploads\/2022\/03\/MarkFitzCircle-2-12x12.png 12w\" sizes=\"(max-width: 202px) 100vw, 202px\" \/><\/h4><h4><b>Mark Fitzpatrick<\/b><\/h4><h6><strong>Pr\u00e9sident et PDG, YOUnite, Inc<\/strong><\/h6><p><span style=\"font-weight: 400;\">Anciennement cofondateur de Tidalwave Technologies (1992), vendue \u00e0 Veritas Software (1995); anciennement de Veritas, NeXT Computers, Sun Microsystems et Data General<\/span><\/p><p><span style=\"font-weight: 400;\">BS, Informatique, California State University-Chico (prix Distingu\u00e9 Alumni d\u00e9cern\u00e9 par l'\u00c9cole d'Ing\u00e9nieurs)<\/span><\/p><p><span style=\"font-weight: 400;\">Mark Fitzpatrick a plus de 30 ans d'exp\u00e9rience en tant qu'entrepreneur fondateur et expert en syst\u00e8mes d'information techniques. Il est cofondateur de YOUnite, une soci\u00e9t\u00e9 brevet\u00e9e de gestion des donn\u00e9es de r\u00e9f\u00e9rence.<\/span><\/p><p><span style=\"font-weight: 400;\">Pr\u00e9c\u00e9demment, il a \u00e9t\u00e9 le cofondateur de Tidalwave Technologies (fusionn\u00e9e avec Veritas Software - aujourd'hui Symantec), qui a d\u00e9velopp\u00e9 le logiciel de haute disponibilit\u00e9\/clustering n\u00b01 pour le syst\u00e8me d'exploitation Solaris (Sun Microsystems). M. Fitzpatrick a pass\u00e9 les dix ann\u00e9es pr\u00e9c\u00e9dentes en tant qu'ing\u00e9nieur syst\u00e8me senior chez Sun Microsystems, Data General Corporation et a \u00e9t\u00e9 engag\u00e9 comme ing\u00e9nieur syst\u00e8me de Steve Jobs chez NeXT.<\/span><\/p><p>\u00a0<\/p><p><img decoding=\"async\" class=\"alignnone size-full wp-image-4279\" src=\"http:\/\/younite.us\/wp-content\/uploads\/2022\/03\/TimHealyCircle.png\" alt=\"Tim Healy PIcture\" width=\"202\" height=\"201\" srcset=\"https:\/\/younite.us\/wp-content\/uploads\/2022\/03\/TimHealyCircle.png 202w, https:\/\/younite.us\/wp-content\/uploads\/2022\/03\/TimHealyCircle-150x150.png 150w, https:\/\/younite.us\/wp-content\/uploads\/2022\/03\/TimHealyCircle-12x12.png 12w\" sizes=\"(max-width: 202px) 100vw, 202px\" \/><\/p><h4><b>Timothy W. Healy<\/b><\/h4><h6><span style=\"font-weight: 400;\">Directeur et Chef des Op\u00e9rations de YOUnite, Inc.<\/span><\/h6><p>Pr\u00e9c\u00e9demment \u00e0 Deans &amp; Homer<\/p><p><span style=\"font-weight: 400;\">Il est titulaire d'une licence de l'universit\u00e9 de Californie, Berkeley, et d'un doctorat en droit (J.D.) de la facult\u00e9 de droit de l'Universit\u00e9 de San Francisco.<\/span><\/p><p><span style=\"font-weight: 400;\">M. Healy est comp\u00e9tent en mati\u00e8re de n\u00e9gociation, de gestion, de leadership, de gestion des risques et de planification strat\u00e9gique. Avant de venir chez YOUnite, M. Healy a pratiqu\u00e9 le droit devant les tribunaux de Californie et f\u00e9d\u00e9raux. Il est admis et maintient ses licences d'exercice en Californie et \u00e0 la United States District Court, Northern District of California.<\/span><\/p><p><span style=\"font-weight: 400;\">M. Healy a \u00e9t\u00e9 conseiller juridique, conseiller interne charg\u00e9 des affaires de grande valeur, conseiller g\u00e9n\u00e9ral responsable des n\u00e9gociations contractuelles avec les partenaires commerciaux, et vice-pr\u00e9sident ex\u00e9cutif\/propri\u00e9taire de la tr\u00e8s respect\u00e9e soci\u00e9t\u00e9 d'assurance Deans &amp; Homer.<\/span><\/p><p><span style=\"font-weight: 400;\">Au fil des ans, M. Healy a \u00e9galement si\u00e9g\u00e9 au conseil d'administration de plusieurs compagnies d'assurance.<\/span><\/p><p>\u00a0<\/p><p><img decoding=\"async\" class=\"alignnone wp-image-4288\" src=\"http:\/\/younite.us\/wp-content\/uploads\/2022\/03\/MarkPretoriusCircle-300x300.png\" alt=\"Mark Pretorius Picture\" width=\"200\" height=\"200\" srcset=\"https:\/\/younite.us\/wp-content\/uploads\/2022\/03\/MarkPretoriusCircle-300x300.png 300w, https:\/\/younite.us\/wp-content\/uploads\/2022\/03\/MarkPretoriusCircle-150x150.png 150w, https:\/\/younite.us\/wp-content\/uploads\/2022\/03\/MarkPretoriusCircle-768x768.png 768w, https:\/\/younite.us\/wp-content\/uploads\/2022\/03\/MarkPretoriusCircle-12x12.png 12w, https:\/\/younite.us\/wp-content\/uploads\/2022\/03\/MarkPretoriusCircle.png 842w\" sizes=\"(max-width: 200px) 100vw, 200px\" \/><\/p><h4><b>Mark Pretorius<\/b><\/h4><h6><span style=\"font-weight: 400;\">Director and Business Development YOUnite, Inc.<\/span><\/h6><p><span style=\"font-weight: 400;\">Premanco Ventures<\/span><\/p><p><span style=\"font-size: 16px; font-weight: 400;\">Formerly COO &amp; General Partner Blumberg Capital.<\/span><\/p><p>Experienced early stage venture capitalist, operating executive and start-up advisor.\u00a0 Experience international business development including investment director for the and Australian Trade and Investment Commission (Austrade).<\/p><p>\u00a0<\/p><p><img loading=\"lazy\" decoding=\"async\" class=\"alignnone size-full wp-image-4278\" src=\"http:\/\/younite.us\/wp-content\/uploads\/2022\/03\/RobSalmonCircle.png\" alt=\"Rob Salmon Picture\" width=\"202\" height=\"202\" srcset=\"https:\/\/younite.us\/wp-content\/uploads\/2022\/03\/RobSalmonCircle.png 202w, https:\/\/younite.us\/wp-content\/uploads\/2022\/03\/RobSalmonCircle-150x150.png 150w, https:\/\/younite.us\/wp-content\/uploads\/2022\/03\/RobSalmonCircle-12x12.png 12w\" sizes=\"(max-width: 202px) 100vw, 202px\" \/><\/p><h4><b>Rob Salmon<\/b><\/h4><h6><span style=\"font-weight: 400;\">Directeur de YOUnite, Inc.<\/span><\/h6><p><span style=\"font-weight: 400;\">Pr\u00e9c\u00e9demment \u00e0 Sun Microsystems, Data General, NetApp et Cohesity<\/span><\/p><p><span style=\"font-weight: 400;\">BS, Informatique, California State University-Chico (prix Distingu\u00e9 Alumni d\u00e9cern\u00e9 par l'\u00c9cole d'Ing\u00e9nieurs)<\/span><\/p><p><span style=\"font-weight: 400;\">Rob Salmon a rejoint NetApp en 1994 comme l'un des premiers membres de l'organisation commerciale du fournisseur de stockage. Il dirige les op\u00e9rations globales sur le terrain depuis 2004, et a \u00e9t\u00e9 promu au poste de pr\u00e9sident.<\/span><\/p><p><span style=\"font-weight: 400;\">Rob Salmon a ensuite accept\u00e9 le poste de pr\u00e9sident et de directeur de l'exploitation de Cohesity.\u00a0 Cohesity \u00e9tant sp\u00e9cialis\u00e9e dans le d\u00e9veloppement de stockage secondaire, sp\u00e9cifiquement pour les d\u00e9ploiements d'infrastructures hyperconverg\u00e9es. Il a pris sa retraite apr\u00e8s avoir quitt\u00e9 Cohesity en 2020.<\/span><\/p>\t\t\t\t\t\t\t\t<\/div>\n\t\t\t\t<\/div>\n\t\t\t\t<div class=\"elementor-element elementor-element-432a460 elementor-widget-divider--view-line elementor-widget elementor-widget-divider\" data-id=\"432a460\" data-element_type=\"widget\" data-widget_type=\"divider.default\">\n\t\t\t\t<div class=\"elementor-widget-container\">\n\t\t\t\t\t\t\t<div class=\"elementor-divider\">\n\t\t\t<span class=\"elementor-divider-separator\">\n\t\t\t\t\t\t<\/span>\n\t\t<\/div>\n\t\t\t\t\t\t<\/div>\n\t\t\t\t<\/div>\n\t\t\t\t\t<\/div>\n\t\t<\/div>\n\t\t\t\t\t<\/div>\n\t\t<\/section>\n\t\t\t\t<\/div>","protected":false},"excerpt":{"rendered":"<p>ABOUT YOUnite YOUnite is a Silicon Valley based Enterprise Software start-up company, focused on providing near real-time Federated Data Unification and Data Governance solutions to corporations and systems integrators who are exploring emerging Data Fabric and Graph Technology data ecosystems. YOUnite\u2019s event-driven, Data Unification platform is a data fabric that enables corporations to access multiple &hellip;<\/p>\n<p class=\"read-more\"> <a class=\"\" href=\"https:\/\/younite.us\/fr\/a-propos\/\"> <span class=\"screen-reader-text\">\u00c0 propos<\/span> Lire la suite\u00a0\u00bb<\/a><\/p>","protected":false},"author":1,"featured_media":0,"parent":0,"menu_order":0,"comment_status":"closed","ping_status":"closed","template":"","meta":{"_mi_skip_tracking":false,"_monsterinsights_sitenote_active":false,"_monsterinsights_sitenote_note":"","_monsterinsights_sitenote_category":0,"footnotes":""},"class_list":["post-573","page","type-page","status-publish","hentry"],"aioseo_notices":[],"_links":{"self":[{"href":"https:\/\/younite.us\/fr\/wp-json\/wp\/v2\/pages\/573","targetHints":{"allow":["GET"]}}],"collection":[{"href":"https:\/\/younite.us\/fr\/wp-json\/wp\/v2\/pages"}],"about":[{"href":"https:\/\/younite.us\/fr\/wp-json\/wp\/v2\/types\/page"}],"author":[{"embeddable":true,"href":"https:\/\/younite.us\/fr\/wp-json\/wp\/v2\/users\/1"}],"replies":[{"embeddable":true,"href":"https:\/\/younite.us\/fr\/wp-json\/wp\/v2\/comments?post=573"}],"version-history":[{"count":148,"href":"https:\/\/younite.us\/fr\/wp-json\/wp\/v2\/pages\/573\/revisions"}],"predecessor-version":[{"id":4580,"href":"https:\/\/younite.us\/fr\/wp-json\/wp\/v2\/pages\/573\/revisions\/4580"}],"wp:attachment":[{"href":"https:\/\/younite.us\/fr\/wp-json\/wp\/v2\/media?parent=573"}],"curies":[{"name":"wp","href":"https:\/\/api.w.org\/{rel}","templated":true}]}}