{"id":1401,"date":"2021-05-19T23:43:47","date_gmt":"2021-05-20T07:43:47","guid":{"rendered":"https:\/\/younite.us\/?page_id=1401"},"modified":"2023-11-20T20:00:17","modified_gmt":"2023-11-21T04:00:17","slug":"avoid-vendor-lockin","status":"publish","type":"page","link":"https:\/\/younite.us\/fr\/prolonger-les-investissements\/","title":{"rendered":"Avoid Vendor Lockin"},"content":{"rendered":"<div data-elementor-type=\"wp-page\" data-elementor-id=\"1401\" class=\"elementor elementor-1401\" data-elementor-post-type=\"page\">\n\t\t\t\t\t\t<section class=\"elementor-section elementor-top-section elementor-element elementor-element-d592e23 elementor-section-boxed elementor-section-height-default elementor-section-height-default\" data-id=\"d592e23\" data-element_type=\"section\">\n\t\t\t\t\t\t<div class=\"elementor-container elementor-column-gap-default\">\n\t\t\t\t\t<div class=\"elementor-column elementor-col-100 elementor-top-column elementor-element elementor-element-e0ee3dd\" data-id=\"e0ee3dd\" data-element_type=\"column\">\n\t\t\t<div class=\"elementor-widget-wrap elementor-element-populated\">\n\t\t\t\t\t\t<div class=\"elementor-element elementor-element-72f69f1 elementor-widget elementor-widget-spacer\" data-id=\"72f69f1\" data-element_type=\"widget\" data-widget_type=\"spacer.default\">\n\t\t\t\t<div class=\"elementor-widget-container\">\n\t\t\t\t\t\t\t<div class=\"elementor-spacer\">\n\t\t\t<div class=\"elementor-spacer-inner\"><\/div>\n\t\t<\/div>\n\t\t\t\t\t\t<\/div>\n\t\t\t\t<\/div>\n\t\t\t\t<div class=\"elementor-element elementor-element-b4960be elementor-widget elementor-widget-heading\" data-id=\"b4960be\" data-element_type=\"widget\" data-widget_type=\"heading.default\">\n\t\t\t\t<div class=\"elementor-widget-container\">\n\t\t\t\t\t<h3 class=\"elementor-heading-title elementor-size-xl\">Enjeux et difficult\u00e9s de l'int\u00e9gration des donn\u00e9es<\/h3>\t\t\t\t<\/div>\n\t\t\t\t<\/div>\n\t\t\t\t<section class=\"elementor-section elementor-inner-section elementor-element elementor-element-f478f98 elementor-section-boxed elementor-section-height-default elementor-section-height-default\" data-id=\"f478f98\" data-element_type=\"section\">\n\t\t\t\t\t\t<div class=\"elementor-container elementor-column-gap-default\">\n\t\t\t\t\t<div class=\"elementor-column elementor-col-33 elementor-inner-column elementor-element elementor-element-b07821b\" data-id=\"b07821b\" data-element_type=\"column\">\n\t\t\t<div class=\"elementor-widget-wrap\">\n\t\t\t\t\t\t\t<\/div>\n\t\t<\/div>\n\t\t\t\t<div class=\"elementor-column elementor-col-33 elementor-inner-column elementor-element elementor-element-df96a53\" data-id=\"df96a53\" data-element_type=\"column\">\n\t\t\t<div class=\"elementor-widget-wrap elementor-element-populated\">\n\t\t\t\t\t\t<div class=\"elementor-element elementor-element-b12bd1b elementor-widget elementor-widget-heading\" data-id=\"b12bd1b\" data-element_type=\"widget\" data-widget_type=\"heading.default\">\n\t\t\t\t<div class=\"elementor-widget-container\">\n\t\t\t\t\t<h5 class=\"elementor-heading-title elementor-size-default\">Un pass\u00e9 de verrouillage des fournisseurs et de nombreuses int\u00e9grations ad hoc<\/h5>\t\t\t\t<\/div>\n\t\t\t\t<\/div>\n\t\t\t\t<div class=\"elementor-element elementor-element-9479b36 elementor-widget elementor-widget-text-editor\" data-id=\"9479b36\" data-element_type=\"widget\" data-widget_type=\"text-editor.default\">\n\t\t\t\t<div class=\"elementor-widget-container\">\n\t\t\t\t\t\t\t\t\t<p>L'histoire de l'int\u00e9gration des donn\u00e9es \u00e0 l'\u00e9chelle de l'entreprise est celle de nombreuses int\u00e9grations ad hoc qui ont \u00e9t\u00e9 d\u00e9ploy\u00e9es pour r\u00e9pondre \u00e0 des besoins commerciaux sp\u00e9cifiques. Si les clients souhaitaient int\u00e9grer l'ensemble de leur entreprise, ils devaient s'engager dans une plate-forme excessivement complexe et dot\u00e9e d'un nombre exag\u00e9r\u00e9 de fonctionnalit\u00e9s, propos\u00e9e par un seul fournisseur propri\u00e9taire, ce qui emp\u00eachait le client de pouvoir b\u00e9n\u00e9ficier des derni\u00e8res technologies.<\/p><p>YOUnite takes a more reasonable approach to enterprise data integration and is committed to eliminating these kinds of purchasing compromises\u00a0 IT stakeholders have been forced to make.<\/p>\t\t\t\t\t\t\t\t<\/div>\n\t\t\t\t<\/div>\n\t\t\t\t<div class=\"elementor-element elementor-element-0b246e2 elementor-widget elementor-widget-heading\" data-id=\"0b246e2\" data-element_type=\"widget\" data-widget_type=\"heading.default\">\n\t\t\t\t<div class=\"elementor-widget-container\">\n\t\t\t\t\t<h5 class=\"elementor-heading-title elementor-size-default\">La libert\u00e9 de choisir les technologies les plus performantes<\/h5>\t\t\t\t<\/div>\n\t\t\t\t<\/div>\n\t\t\t\t<div class=\"elementor-element elementor-element-4c13bde elementor-widget elementor-widget-text-editor\" data-id=\"4c13bde\" data-element_type=\"widget\" data-widget_type=\"text-editor.default\">\n\t\t\t\t<div class=\"elementor-widget-container\">\n\t\t\t\t\t\t\t\t\t<p>L'unification des donn\u00e9es est \u00e9troitement li\u00e9e \u00e0 de nombreuses technologies associ\u00e9es telles que le nettoyage des donn\u00e9es, la qualit\u00e9 des donn\u00e9es, la gestion des processus d'entreprise, l'int\u00e9gration des donn\u00e9es et la mod\u00e9lisation des donn\u00e9es - et - YOUnite comprend que ces technologies sont en constante \u00e9volution et qu'aucun fournisseur unique ne peut fournir la meilleure solution globale pour le client.\u00a0<\/p><p>Alors que d'autres fournisseurs adoptent une approche unique qui enferme le client dans une plateforme propri\u00e9taire, YOUnite adopte une approche plus raisonnable qui fournit des capacit\u00e9s essentielles d'int\u00e9gration et de gouvernance des donn\u00e9es et donne au client la libert\u00e9 de choisir les technologies qu'il souhaite int\u00e9grer dans son \u00e9cosyst\u00e8me d'entreprise.<\/p><p>Par exemple, un client peut avoir besoin de<\/p><ul><li>Construire leurs propres pipelines de nettoyage et de qualit\u00e9 des donn\u00e9es pour r\u00e9pondre aux besoins uniques de leurs donn\u00e9es.<\/li><li>Exploiter un outil d'int\u00e9gration de donn\u00e9es open-source tel que le Kafka<\/li><li>Utiliser un outil BPM et des workflows existants<\/li><li>Develop to systems using REST API interfaces<\/li><\/ul><p>Cela permet au client de ne pas s'enfermer dans un seul fournisseur, mais surtout, cela lui donne la libert\u00e9 de choisir la meilleure technologie pour la t\u00e2che \u00e0 accomplir.<\/p>\t\t\t\t\t\t\t\t<\/div>\n\t\t\t\t<\/div>\n\t\t\t\t<div class=\"elementor-element elementor-element-1f773c4 elementor-widget elementor-widget-heading\" data-id=\"1f773c4\" data-element_type=\"widget\" data-widget_type=\"heading.default\">\n\t\t\t\t<div class=\"elementor-widget-container\">\n\t\t\t\t\t<h5 class=\"elementor-heading-title elementor-size-default\">Les Principes Directeurs de YOUnite<\/h5>\t\t\t\t<\/div>\n\t\t\t\t<\/div>\n\t\t\t\t<div class=\"elementor-element elementor-element-ffc0df1 elementor-widget elementor-widget-text-editor\" data-id=\"ffc0df1\" data-element_type=\"widget\" data-widget_type=\"text-editor.default\">\n\t\t\t\t<div class=\"elementor-widget-container\">\n\t\t\t\t\t\t\t\t\t<p>YOUnite est construit sur ces principes fondamentaux:<\/p><ol><li>Prot\u00e9ger le client contre le risque de s'enfermer dans un seul fournisseur d'int\u00e9gration de donn\u00e9es.<\/li><li>Rendre l'int\u00e9gration et la gouvernance des donn\u00e9es aussi simples que possible<\/li><li>R\u00e9duire le co\u00fbt global de l'int\u00e9gration des donn\u00e9es<\/li><li>Pour cr\u00e9er des vues \u00e0 volet unique sur l'ensemble de la couche de donn\u00e9es de l'entreprise<\/li><\/ol><p>Ces simples principes permettent aux clients d'\u00e9valuer rapidement si YOUnite est la solution appropri\u00e9e et par la suite, de lancer rapidement leur initiative d'unification des donn\u00e9es.\u00a0<\/p><p>Si, \u00e0 terme, le client d\u00e9cide de se d\u00e9barrasser de YOUnite, il peut le faire sans risquer de perdre son investissement dans les technologies connexes d'unification des donn\u00e9es.<\/p><p>Et cela donne aux responsables des donn\u00e9es et de l'informatique ce qu'ils recherchent ...., \u00e0 savoir la libert\u00e9 de choisir.<\/p>\t\t\t\t\t\t\t\t<\/div>\n\t\t\t\t<\/div>\n\t\t\t\t\t<\/div>\n\t\t<\/div>\n\t\t\t\t<div class=\"elementor-column elementor-col-33 elementor-inner-column elementor-element elementor-element-901d0d3\" data-id=\"901d0d3\" data-element_type=\"column\">\n\t\t\t<div class=\"elementor-widget-wrap\">\n\t\t\t\t\t\t\t<\/div>\n\t\t<\/div>\n\t\t\t\t\t<\/div>\n\t\t<\/section>\n\t\t\t\t<div class=\"elementor-element elementor-element-fc5f6ce elementor-widget elementor-widget-spacer\" data-id=\"fc5f6ce\" data-element_type=\"widget\" data-widget_type=\"spacer.default\">\n\t\t\t\t<div class=\"elementor-widget-container\">\n\t\t\t\t\t\t\t<div class=\"elementor-spacer\">\n\t\t\t<div class=\"elementor-spacer-inner\"><\/div>\n\t\t<\/div>\n\t\t\t\t\t\t<\/div>\n\t\t\t\t<\/div>\n\t\t\t\t\t<\/div>\n\t\t<\/div>\n\t\t\t\t\t<\/div>\n\t\t<\/section>\n\t\t\t\t<\/div>","protected":false},"excerpt":{"rendered":"<p>Data Integration Challenges &amp; Struggles A History of Locking Into Vendors and Numerous Ad-Hoc Integrations The history of enterprise-wide data integration is a history of numerous ad-hoc integrations that were deployed to meet a specific business needs. If\u00a0 customers wanted to integrate their entire enterprise they had to lock into an overly complex, excessively featured &hellip;<\/p>\n<p class=\"read-more\"> <a class=\"\" href=\"https:\/\/younite.us\/fr\/prolonger-les-investissements\/\"> <span class=\"screen-reader-text\">Avoid Vendor Lockin<\/span> Lire la suite\u00a0\u00bb<\/a><\/p>","protected":false},"author":1,"featured_media":0,"parent":0,"menu_order":0,"comment_status":"closed","ping_status":"closed","template":"","meta":{"_mi_skip_tracking":false,"_monsterinsights_sitenote_active":false,"_monsterinsights_sitenote_note":"","_monsterinsights_sitenote_category":0,"footnotes":""},"class_list":["post-1401","page","type-page","status-publish","hentry"],"aioseo_notices":[],"_links":{"self":[{"href":"https:\/\/younite.us\/fr\/wp-json\/wp\/v2\/pages\/1401","targetHints":{"allow":["GET"]}}],"collection":[{"href":"https:\/\/younite.us\/fr\/wp-json\/wp\/v2\/pages"}],"about":[{"href":"https:\/\/younite.us\/fr\/wp-json\/wp\/v2\/types\/page"}],"author":[{"embeddable":true,"href":"https:\/\/younite.us\/fr\/wp-json\/wp\/v2\/users\/1"}],"replies":[{"embeddable":true,"href":"https:\/\/younite.us\/fr\/wp-json\/wp\/v2\/comments?post=1401"}],"version-history":[{"count":64,"href":"https:\/\/younite.us\/fr\/wp-json\/wp\/v2\/pages\/1401\/revisions"}],"predecessor-version":[{"id":4596,"href":"https:\/\/younite.us\/fr\/wp-json\/wp\/v2\/pages\/1401\/revisions\/4596"}],"wp:attachment":[{"href":"https:\/\/younite.us\/fr\/wp-json\/wp\/v2\/media?parent=1401"}],"curies":[{"name":"wp","href":"https:\/\/api.w.org\/{rel}","templated":true}]}}