{"id":1298,"date":"2021-05-19T04:08:29","date_gmt":"2021-05-19T12:08:29","guid":{"rendered":"https:\/\/younite.us\/?page_id=1298"},"modified":"2023-11-17T10:14:24","modified_gmt":"2023-11-17T18:14:24","slug":"federated-data-access","status":"publish","type":"page","link":"https:\/\/younite.us\/fr\/federated-data-access\/","title":{"rendered":"Acc\u00e8s aux donn\u00e9es f\u00e9d\u00e9r\u00e9es"},"content":{"rendered":"<div data-elementor-type=\"wp-page\" data-elementor-id=\"1298\" class=\"elementor elementor-1298\" data-elementor-post-type=\"page\">\n\t\t\t\t\t\t<section class=\"elementor-section elementor-top-section elementor-element elementor-element-52d5f8a elementor-section-boxed elementor-section-height-default elementor-section-height-default\" data-id=\"52d5f8a\" data-element_type=\"section\">\n\t\t\t\t\t\t\t<div class=\"elementor-background-overlay\"><\/div>\n\t\t\t\t\t\t\t<div class=\"elementor-container elementor-column-gap-default\">\n\t\t\t\t\t<div class=\"elementor-column elementor-col-100 elementor-top-column elementor-element elementor-element-b3331bf\" data-id=\"b3331bf\" data-element_type=\"column\">\n\t\t\t<div class=\"elementor-widget-wrap elementor-element-populated\">\n\t\t\t\t\t\t<div class=\"elementor-element elementor-element-1a99b3f elementor-widget elementor-widget-spacer\" data-id=\"1a99b3f\" data-element_type=\"widget\" data-widget_type=\"spacer.default\">\n\t\t\t\t<div class=\"elementor-widget-container\">\n\t\t\t\t\t\t\t<div class=\"elementor-spacer\">\n\t\t\t<div class=\"elementor-spacer-inner\"><\/div>\n\t\t<\/div>\n\t\t\t\t\t\t<\/div>\n\t\t\t\t<\/div>\n\t\t\t\t<div class=\"elementor-element elementor-element-dd22dee elementor-widget elementor-widget-heading\" data-id=\"dd22dee\" data-element_type=\"widget\" data-widget_type=\"heading.default\">\n\t\t\t\t<div class=\"elementor-widget-container\">\n\t\t\t\t\t<h3 class=\"elementor-heading-title elementor-size-xl\">Federated Data Access and Data Virtualization<\/h3>\t\t\t\t<\/div>\n\t\t\t\t<\/div>\n\t\t\t\t<section class=\"elementor-section elementor-inner-section elementor-element elementor-element-d776aa2 elementor-section-boxed elementor-section-height-default elementor-section-height-default\" data-id=\"d776aa2\" data-element_type=\"section\">\n\t\t\t\t\t\t<div class=\"elementor-container elementor-column-gap-default\">\n\t\t\t\t\t<div class=\"elementor-column elementor-col-33 elementor-inner-column elementor-element elementor-element-d8b1d7a\" data-id=\"d8b1d7a\" data-element_type=\"column\">\n\t\t\t<div class=\"elementor-widget-wrap\">\n\t\t\t\t\t\t\t<\/div>\n\t\t<\/div>\n\t\t\t\t<div class=\"elementor-column elementor-col-33 elementor-inner-column elementor-element elementor-element-365f967\" data-id=\"365f967\" data-element_type=\"column\">\n\t\t\t<div class=\"elementor-widget-wrap elementor-element-populated\">\n\t\t\t\t\t\t<div class=\"elementor-element elementor-element-7908252 elementor-widget elementor-widget-text-editor\" data-id=\"7908252\" data-element_type=\"widget\" data-widget_type=\"text-editor.default\">\n\t\t\t\t<div class=\"elementor-widget-container\">\n\t\t\t\t\t\t\t\t\t<p>Federated data access, or data virtualization, provides a <strong>single entry point<\/strong> to the structured data in your enterprise&#8217;s entire data tier. The\u00a0 Data is not centrally stored in YOUnite nor other central repositories, but the <strong>data is assembled in real-time as requests are made<\/strong>.<\/p><p class=\" translation-block\">Les demandes de donn\u00e9es peuvent sp\u00e9cifier des syst\u00e8mes sources pr\u00e9f\u00e9r\u00e9s, et <strong>YOUnite applique les r\u00e8gles appropri\u00e9es de pare-feu de niveau de donn\u00e9es<\/strong> (gouvernance) \u00e0 toutes les demandes.<\/p><p class=\" translation-block\">Les applications peuvent exploiter YOUnite comme une <strong>plateforme de notification d'\u00e9v\u00e9nements de donn\u00e9es coh\u00e9rente \u00e0 l'\u00e9chelle de l'entreprise<\/strong> qui peut <strong>d\u00e9clencher des processus commerciaux<\/strong>.<\/p><p>Data requests can be made by using YOUnite&#8217;s REST API with Lucene search.<\/p>\t\t\t\t\t\t\t\t<\/div>\n\t\t\t\t<\/div>\n\t\t\t\t\t<\/div>\n\t\t<\/div>\n\t\t\t\t<div class=\"elementor-column elementor-col-33 elementor-inner-column elementor-element elementor-element-9f4de8e\" data-id=\"9f4de8e\" data-element_type=\"column\">\n\t\t\t<div class=\"elementor-widget-wrap\">\n\t\t\t\t\t\t\t<\/div>\n\t\t<\/div>\n\t\t\t\t\t<\/div>\n\t\t<\/section>\n\t\t\t\t<div class=\"elementor-element elementor-element-970495b elementor-widget elementor-widget-image\" data-id=\"970495b\" data-element_type=\"widget\" data-widget_type=\"image.default\">\n\t\t\t\t<div class=\"elementor-widget-container\">\n\t\t\t\t\t\t\t\t\t\t\t\t\t\t\t<img fetchpriority=\"high\" decoding=\"async\" width=\"1024\" height=\"517\" src=\"https:\/\/younite.us\/wp-content\/uploads\/2023\/11\/DataAccessAPIonly-1024x517.png\" class=\"attachment-large size-large wp-image-4561\" alt=\"\" srcset=\"https:\/\/younite.us\/wp-content\/uploads\/2023\/11\/DataAccessAPIonly-1024x517.png 1024w, https:\/\/younite.us\/wp-content\/uploads\/2023\/11\/DataAccessAPIonly-300x152.png 300w, https:\/\/younite.us\/wp-content\/uploads\/2023\/11\/DataAccessAPIonly-768x388.png 768w, https:\/\/younite.us\/wp-content\/uploads\/2023\/11\/DataAccessAPIonly-1536x776.png 1536w, https:\/\/younite.us\/wp-content\/uploads\/2023\/11\/DataAccessAPIonly-18x9.png 18w, https:\/\/younite.us\/wp-content\/uploads\/2023\/11\/DataAccessAPIonly.png 1801w\" sizes=\"(max-width: 1024px) 100vw, 1024px\" \/>\t\t\t\t\t\t\t\t\t\t\t\t\t\t\t<\/div>\n\t\t\t\t<\/div>\n\t\t\t\t<div class=\"elementor-element elementor-element-edb5981 elementor-widget-divider--view-line elementor-widget elementor-widget-divider\" data-id=\"edb5981\" data-element_type=\"widget\" data-widget_type=\"divider.default\">\n\t\t\t\t<div class=\"elementor-widget-container\">\n\t\t\t\t\t\t\t<div class=\"elementor-divider\">\n\t\t\t<span class=\"elementor-divider-separator\">\n\t\t\t\t\t\t<\/span>\n\t\t<\/div>\n\t\t\t\t\t\t<\/div>\n\t\t\t\t<\/div>\n\t\t\t\t<section class=\"elementor-section elementor-inner-section elementor-element elementor-element-fbf9d4c elementor-section-content-middle elementor-section-boxed elementor-section-height-default elementor-section-height-default\" data-id=\"fbf9d4c\" data-element_type=\"section\" data-settings=\"{&quot;background_background&quot;:&quot;classic&quot;}\">\n\t\t\t\t\t\t<div class=\"elementor-container elementor-column-gap-default\">\n\t\t\t\t\t<div class=\"elementor-column elementor-col-20 elementor-inner-column elementor-element elementor-element-b160ee9\" data-id=\"b160ee9\" data-element_type=\"column\">\n\t\t\t<div class=\"elementor-widget-wrap\">\n\t\t\t\t\t\t\t<\/div>\n\t\t<\/div>\n\t\t\t\t<div class=\"elementor-column elementor-col-20 elementor-inner-column elementor-element elementor-element-a1e879d\" data-id=\"a1e879d\" data-element_type=\"column\">\n\t\t\t<div class=\"elementor-widget-wrap elementor-element-populated\">\n\t\t\t\t\t\t<div class=\"elementor-element elementor-element-54eb048 elementor-widget elementor-widget-image\" data-id=\"54eb048\" data-element_type=\"widget\" data-widget_type=\"image.default\">\n\t\t\t\t<div class=\"elementor-widget-container\">\n\t\t\t\t\t\t\t\t\t\t\t\t\t\t\t<img decoding=\"async\" width=\"1024\" height=\"728\" src=\"https:\/\/younite.us\/wp-content\/uploads\/2021\/05\/API-Screenshot-1024x728.png\" class=\"attachment-large size-large wp-image-1361\" alt=\"\" srcset=\"\" sizes=\"(max-width: 1024px) 100vw, 1024px\" data-srcset=\"\" \/>\t\t\t\t\t\t\t\t\t\t\t\t\t\t\t<\/div>\n\t\t\t\t<\/div>\n\t\t\t\t<div class=\"elementor-element elementor-element-6e8cbee elementor-widget elementor-widget-image\" data-id=\"6e8cbee\" data-element_type=\"widget\" data-widget_type=\"image.default\">\n\t\t\t\t<div class=\"elementor-widget-container\">\n\t\t\t\t\t\t\t\t\t\t\t\t<figure class=\"wp-caption\">\n\t\t\t\t\t\t\t\t\t\t<img decoding=\"async\" width=\"1024\" height=\"440\" src=\"https:\/\/younite.us\/wp-content\/uploads\/2021\/05\/ProcessMaker-Screenshot-1024x440.png\" class=\"attachment-large size-large wp-image-1367\" alt=\"ProcessMaker BPM Screenshot\" srcset=\"\" sizes=\"(max-width: 1024px) 100vw, 1024px\" data-srcset=\"\" \/>\t\t\t\t\t\t\t\t\t\t\t<figcaption class=\"widget-image-caption wp-caption-text\">ProcessMaker BPM<\/figcaption>\n\t\t\t\t\t\t\t\t\t\t<\/figure>\n\t\t\t\t\t\t\t\t\t<\/div>\n\t\t\t\t<\/div>\n\t\t\t\t\t<\/div>\n\t\t<\/div>\n\t\t\t\t<div class=\"elementor-column elementor-col-20 elementor-inner-column elementor-element elementor-element-a985e8b\" data-id=\"a985e8b\" data-element_type=\"column\">\n\t\t\t<div class=\"elementor-widget-wrap\">\n\t\t\t\t\t\t\t<\/div>\n\t\t<\/div>\n\t\t\t\t<div class=\"elementor-column elementor-col-20 elementor-inner-column elementor-element elementor-element-d2f7b05\" data-id=\"d2f7b05\" data-element_type=\"column\">\n\t\t\t<div class=\"elementor-widget-wrap elementor-element-populated\">\n\t\t\t\t\t\t<div class=\"elementor-element elementor-element-7d61840 elementor-widget elementor-widget-heading\" data-id=\"7d61840\" data-element_type=\"widget\" data-widget_type=\"heading.default\">\n\t\t\t\t<div class=\"elementor-widget-container\">\n\t\t\t\t\t<h4 class=\"elementor-heading-title elementor-size-default\">REST API<\/h4>\t\t\t\t<\/div>\n\t\t\t\t<\/div>\n\t\t\t\t<div class=\"elementor-element elementor-element-cfaf762 elementor-widget elementor-widget-text-editor\" data-id=\"cfaf762\" data-element_type=\"widget\" data-widget_type=\"text-editor.default\">\n\t\t\t\t<div class=\"elementor-widget-container\">\n\t\t\t\t\t\t\t\t\t<ul><li class=\" translation-block\">Les applications peuvent faire des <strong>demandes f\u00e9d\u00e9r\u00e9es<\/strong> de donn\u00e9es<\/strong> dans toute l'entreprise<\/strong> \u00e0 partir d'un seul point de terminaison.<\/li><li class=\" translation-block\">Les demandes peuvent sp\u00e9cifier des <strong>syst\u00e8mes sources pr\u00e9f\u00e9r\u00e9s<\/strong>.<\/li><li class=\" translation-block\">Les r\u00e8gles de <strong>gouvernance des donn\u00e9es<\/strong> sont appliqu\u00e9es \u00e0 toutes les demandes.<\/li><li class=\" translation-block\">Recherche dans toute l'entreprise \u00e0 l'aide de la recherche <strong>Lucene<\/strong>.<\/li><li class=\" translation-block\">Toutes les <strong>demandes API sont enregistr\u00e9es<\/strong> et peuvent \u00eatre r\u00e9guli\u00e8rement analys\u00e9es par les plateformes de s\u00e9curit\u00e9.<\/li><li class=\" translation-block\">Interface unique et coh\u00e9rente pour les applications et les <strong>outils de gestion des processus d'affaires<\/strong> (BPM) afin de s'enregistrer pour les \u00e9v\u00e9nements de changement de donn\u00e9es.<\/li><\/ul>\t\t\t\t\t\t\t\t<\/div>\n\t\t\t\t<\/div>\n\t\t\t\t<div class=\"elementor-element elementor-element-f94e5a5 elementor-widget elementor-widget-text-editor\" data-id=\"f94e5a5\" data-element_type=\"widget\" data-widget_type=\"text-editor.default\">\n\t\t\t\t<div class=\"elementor-widget-container\">\n\t\t\t\t\t\t\t\t\t<p><a href=\"https:\/\/younite.us\/api\" target=\"_blank\" rel=\"noopener\">Voir l'API de YOunite...<\/a><\/p>\t\t\t\t\t\t\t\t<\/div>\n\t\t\t\t<\/div>\n\t\t\t\t\t<\/div>\n\t\t<\/div>\n\t\t\t\t<div class=\"elementor-column elementor-col-20 elementor-inner-column elementor-element elementor-element-a82987b\" data-id=\"a82987b\" data-element_type=\"column\">\n\t\t\t<div class=\"elementor-widget-wrap\">\n\t\t\t\t\t\t\t<\/div>\n\t\t<\/div>\n\t\t\t\t\t<\/div>\n\t\t<\/section>\n\t\t\t\t<div class=\"elementor-element elementor-element-0efe9bf elementor-widget elementor-widget-spacer\" data-id=\"0efe9bf\" data-element_type=\"widget\" data-widget_type=\"spacer.default\">\n\t\t\t\t<div class=\"elementor-widget-container\">\n\t\t\t\t\t\t\t<div class=\"elementor-spacer\">\n\t\t\t<div class=\"elementor-spacer-inner\"><\/div>\n\t\t<\/div>\n\t\t\t\t\t\t<\/div>\n\t\t\t\t<\/div>\n\t\t\t\t<div class=\"elementor-element elementor-element-60d7e9d elementor-widget-divider--view-line elementor-widget elementor-widget-divider\" data-id=\"60d7e9d\" data-element_type=\"widget\" data-widget_type=\"divider.default\">\n\t\t\t\t<div class=\"elementor-widget-container\">\n\t\t\t\t\t\t\t<div class=\"elementor-divider\">\n\t\t\t<span class=\"elementor-divider-separator\">\n\t\t\t\t\t\t<\/span>\n\t\t<\/div>\n\t\t\t\t\t\t<\/div>\n\t\t\t\t<\/div>\n\t\t\t\t<section class=\"elementor-section elementor-inner-section elementor-element elementor-element-deb1e55 elementor-section-boxed elementor-section-height-default elementor-section-height-default\" data-id=\"deb1e55\" data-element_type=\"section\">\n\t\t\t\t\t\t<div class=\"elementor-container elementor-column-gap-default\">\n\t\t\t\t\t<div class=\"elementor-column elementor-col-20 elementor-inner-column elementor-element elementor-element-fde4dcb\" data-id=\"fde4dcb\" data-element_type=\"column\">\n\t\t\t<div class=\"elementor-widget-wrap\">\n\t\t\t\t\t\t\t<\/div>\n\t\t<\/div>\n\t\t\t\t<div class=\"elementor-column elementor-col-20 elementor-inner-column elementor-element elementor-element-0bc4405\" data-id=\"0bc4405\" data-element_type=\"column\">\n\t\t\t<div class=\"elementor-widget-wrap elementor-element-populated\">\n\t\t\t\t\t\t<div class=\"elementor-element elementor-element-9dff22d elementor-widget elementor-widget-image\" data-id=\"9dff22d\" data-element_type=\"widget\" data-widget_type=\"image.default\">\n\t\t\t\t<div class=\"elementor-widget-container\">\n\t\t\t\t\t\t\t\t\t\t\t\t<figure class=\"wp-caption\">\n\t\t\t\t\t\t\t\t\t\t<img loading=\"lazy\" decoding=\"async\" width=\"1024\" height=\"496\" src=\"https:\/\/younite.us\/wp-content\/uploads\/2021\/05\/TemporaAdaptor-ScreenShot-1024x496.png\" class=\"attachment-large size-large wp-image-1379\" alt=\"Comparer les donn\u00e9es par temps et par syst\u00e8me source\" srcset=\"\" sizes=\"(max-width: 1024px) 100vw, 1024px\" data-srcset=\"\" \/>\t\t\t\t\t\t\t\t\t\t\t<figcaption class=\"widget-image-caption wp-caption-text\">Comparer les donn\u00e9es par temps et par syst\u00e8me source<\/figcaption>\n\t\t\t\t\t\t\t\t\t\t<\/figure>\n\t\t\t\t\t\t\t\t\t<\/div>\n\t\t\t\t<\/div>\n\t\t\t\t\t<\/div>\n\t\t<\/div>\n\t\t\t\t<div class=\"elementor-column elementor-col-20 elementor-inner-column elementor-element elementor-element-6cd6cff\" data-id=\"6cd6cff\" data-element_type=\"column\">\n\t\t\t<div class=\"elementor-widget-wrap\">\n\t\t\t\t\t\t\t<\/div>\n\t\t<\/div>\n\t\t\t\t<div class=\"elementor-column elementor-col-20 elementor-inner-column elementor-element elementor-element-d912445\" data-id=\"d912445\" data-element_type=\"column\">\n\t\t\t<div class=\"elementor-widget-wrap elementor-element-populated\">\n\t\t\t\t\t\t<div class=\"elementor-element elementor-element-a22bf22 elementor-widget elementor-widget-heading\" data-id=\"a22bf22\" data-element_type=\"widget\" data-widget_type=\"heading.default\">\n\t\t\t\t<div class=\"elementor-widget-container\">\n\t\t\t\t\t<h4 class=\"elementor-heading-title elementor-size-default\">UI de YOUnite<\/h4>\t\t\t\t<\/div>\n\t\t\t\t<\/div>\n\t\t\t\t<div class=\"elementor-element elementor-element-9131f5d elementor-widget elementor-widget-text-editor\" data-id=\"9131f5d\" data-element_type=\"widget\" data-widget_type=\"text-editor.default\">\n\t\t\t\t<div class=\"elementor-widget-container\">\n\t\t\t\t\t\t\t\t\t<p class=\" translation-block\">L'interface utilisateur YOUnite fournit une <strong>interface de gestion g\u00e9n\u00e9rale<\/strong> \u00e0 la plateforme d'unification des donn\u00e9es YOUnite et une<strong>visualisation unique des donn\u00e9es dans toute l'entreprise<\/strong>.<\/p><p>Avec l'interface utilisateur YOUnite, les responsables des donn\u00e9es peuvent:<\/p>\t\t\t\t\t\t\t\t<\/div>\n\t\t\t\t<\/div>\n\t\t\t\t<div class=\"elementor-element elementor-element-fc72132 elementor-widget elementor-widget-text-editor\" data-id=\"fc72132\" data-element_type=\"widget\" data-widget_type=\"text-editor.default\">\n\t\t\t\t<div class=\"elementor-widget-container\">\n\t\t\t\t\t\t\t\t\t<ul><li class=\" translation-block\"><strong>Voir les donn\u00e9es dans les syst\u00e8mes sources<\/strong> selon les r\u00e8gles de gouvernance des donn\u00e9es.<\/li><li class=\" translation-block\">Effectuer  <strong>des requ\u00eates Lucene<\/strong> <strong>sur<\/strong> le niveau de donn\u00e9es <strong>de toute l'entreprise<\/strong><\/li><li class=\" translation-block\">Visualiser la lign\u00e9e d'un <strong>enregistrement de donn\u00e9es<\/strong>.<\/li><li class=\" translation-block\">Si des autorisations sont donn\u00e9es, fournir des capacit\u00e9s de <strong>suppression globale<\/strong> pour exercer le <strong>droit \u00e0 l'oubli<\/strong> d'un client.<\/li><li class=\" translation-block\"><strong>Comparer les donn\u00e9es<\/strong> entre les syst\u00e8mes sources.<\/li><li>Avec <strong>l'adaptateur temporel<\/strong> <strong>de Younite<\/strong>, interrogez et <strong>comparez les donn\u00e9es par temps et par syst\u00e8me source<\/strong><\/strong><\/li><\/ul>\t\t\t\t\t\t\t\t<\/div>\n\t\t\t\t<\/div>\n\t\t\t\t\t<\/div>\n\t\t<\/div>\n\t\t\t\t<div class=\"elementor-column elementor-col-20 elementor-inner-column elementor-element elementor-element-8a26d75\" data-id=\"8a26d75\" data-element_type=\"column\">\n\t\t\t<div class=\"elementor-widget-wrap\">\n\t\t\t\t\t\t\t<\/div>\n\t\t<\/div>\n\t\t\t\t\t<\/div>\n\t\t<\/section>\n\t\t\t\t<div class=\"elementor-element elementor-element-b1e7431 elementor-widget elementor-widget-spacer\" data-id=\"b1e7431\" data-element_type=\"widget\" data-widget_type=\"spacer.default\">\n\t\t\t\t<div class=\"elementor-widget-container\">\n\t\t\t\t\t\t\t<div class=\"elementor-spacer\">\n\t\t\t<div class=\"elementor-spacer-inner\"><\/div>\n\t\t<\/div>\n\t\t\t\t\t\t<\/div>\n\t\t\t\t<\/div>\n\t\t\t\t\t<\/div>\n\t\t<\/div>\n\t\t\t\t\t<\/div>\n\t\t<\/section>\n\t\t\t\t<\/div>","protected":false},"excerpt":{"rendered":"<p>Federated Data Access and Data Virtualization Federated data access, or data virtualization, provides a single entry point to the structured data in your enterprise&#8217;s entire data tier. The\u00a0 Data is not centrally stored in YOUnite nor other central repositories, but the data is assembled in real-time as requests are made. Requests for data can specify &hellip;<\/p>\n<p class=\"read-more\"> <a class=\"\" href=\"https:\/\/younite.us\/fr\/federated-data-access\/\"> <span class=\"screen-reader-text\">Acc\u00e8s aux donn\u00e9es f\u00e9d\u00e9r\u00e9es<\/span> Lire la suite\u00a0\u00bb<\/a><\/p>","protected":false},"author":1,"featured_media":0,"parent":0,"menu_order":0,"comment_status":"closed","ping_status":"closed","template":"","meta":{"_mi_skip_tracking":false,"_monsterinsights_sitenote_active":false,"_monsterinsights_sitenote_note":"","_monsterinsights_sitenote_category":0,"footnotes":""},"class_list":["post-1298","page","type-page","status-publish","hentry"],"aioseo_notices":[],"_links":{"self":[{"href":"https:\/\/younite.us\/fr\/wp-json\/wp\/v2\/pages\/1298","targetHints":{"allow":["GET"]}}],"collection":[{"href":"https:\/\/younite.us\/fr\/wp-json\/wp\/v2\/pages"}],"about":[{"href":"https:\/\/younite.us\/fr\/wp-json\/wp\/v2\/types\/page"}],"author":[{"embeddable":true,"href":"https:\/\/younite.us\/fr\/wp-json\/wp\/v2\/users\/1"}],"replies":[{"embeddable":true,"href":"https:\/\/younite.us\/fr\/wp-json\/wp\/v2\/comments?post=1298"}],"version-history":[{"count":80,"href":"https:\/\/younite.us\/fr\/wp-json\/wp\/v2\/pages\/1298\/revisions"}],"predecessor-version":[{"id":4564,"href":"https:\/\/younite.us\/fr\/wp-json\/wp\/v2\/pages\/1298\/revisions\/4564"}],"wp:attachment":[{"href":"https:\/\/younite.us\/fr\/wp-json\/wp\/v2\/media?parent=1298"}],"curies":[{"name":"wp","href":"https:\/\/api.w.org\/{rel}","templated":true}]}}