{"id":1142,"date":"2021-05-17T17:53:33","date_gmt":"2021-05-18T01:53:33","guid":{"rendered":"https:\/\/younite.us\/?page_id=1142"},"modified":"2023-11-22T17:12:47","modified_gmt":"2023-11-23T01:12:47","slug":"what-is-younite","status":"publish","type":"page","link":"https:\/\/younite.us\/fr\/what-is-younite\/","title":{"rendered":"What is YOUnite"},"content":{"rendered":"<div data-elementor-type=\"wp-page\" data-elementor-id=\"1142\" class=\"elementor elementor-1142\" data-elementor-post-type=\"page\">\n\t\t\t\t\t\t<section class=\"elementor-section elementor-top-section elementor-element elementor-element-64f7bae elementor-section-boxed elementor-section-height-default elementor-section-height-default\" data-id=\"64f7bae\" data-element_type=\"section\" data-settings=\"{&quot;background_background&quot;:&quot;classic&quot;}\">\n\t\t\t\t\t\t\t<div class=\"elementor-background-overlay\"><\/div>\n\t\t\t\t\t\t\t<div class=\"elementor-container elementor-column-gap-default\">\n\t\t\t\t\t<div class=\"elementor-column elementor-col-100 elementor-top-column elementor-element elementor-element-231394a\" data-id=\"231394a\" data-element_type=\"column\" data-settings=\"{&quot;background_background&quot;:&quot;classic&quot;}\">\n\t\t\t<div class=\"elementor-widget-wrap elementor-element-populated\">\n\t\t\t\t\t<div class=\"elementor-background-overlay\"><\/div>\n\t\t\t\t\t\t<div class=\"elementor-element elementor-element-acc6b4a elementor-widget elementor-widget-spacer\" data-id=\"acc6b4a\" data-element_type=\"widget\" data-widget_type=\"spacer.default\">\n\t\t\t\t<div class=\"elementor-widget-container\">\n\t\t\t\t\t\t\t<div class=\"elementor-spacer\">\n\t\t\t<div class=\"elementor-spacer-inner\"><\/div>\n\t\t<\/div>\n\t\t\t\t\t\t<\/div>\n\t\t\t\t<\/div>\n\t\t\t\t<div class=\"elementor-element elementor-element-ebb6d65 elementor-widget elementor-widget-heading\" data-id=\"ebb6d65\" data-element_type=\"widget\" data-widget_type=\"heading.default\">\n\t\t\t\t<div class=\"elementor-widget-container\">\n\t\t\t\t\t<h3 class=\"elementor-heading-title elementor-size-xl\">Qu'est-ce que YOUnite ?<\/h3>\t\t\t\t<\/div>\n\t\t\t\t<\/div>\n\t\t\t\t<section class=\"elementor-section elementor-inner-section elementor-element elementor-element-03fd62b elementor-section-boxed elementor-section-height-default elementor-section-height-default\" data-id=\"03fd62b\" data-element_type=\"section\">\n\t\t\t\t\t\t<div class=\"elementor-container elementor-column-gap-default\">\n\t\t\t\t\t<div class=\"elementor-column elementor-col-33 elementor-inner-column elementor-element elementor-element-acb1bcc\" data-id=\"acb1bcc\" data-element_type=\"column\">\n\t\t\t<div class=\"elementor-widget-wrap\">\n\t\t\t\t\t\t\t<\/div>\n\t\t<\/div>\n\t\t\t\t<div class=\"elementor-column elementor-col-33 elementor-inner-column elementor-element elementor-element-47edae0\" data-id=\"47edae0\" data-element_type=\"column\">\n\t\t\t<div class=\"elementor-widget-wrap elementor-element-populated\">\n\t\t\t\t\t\t<div class=\"elementor-element elementor-element-17fa3f7 elementor-widget elementor-widget-text-editor\" data-id=\"17fa3f7\" data-element_type=\"widget\" data-widget_type=\"text-editor.default\">\n\t\t\t\t<div class=\"elementor-widget-container\">\n\t\t\t\t\t\t\t\t\t<p style=\"text-align: center;\"><strong>YOUnite is a data fabric platform that enables federated data unification across an organization&#8217;s entire data tier<\/strong><\/p>\t\t\t\t\t\t\t\t<\/div>\n\t\t\t\t<\/div>\n\t\t\t\t\t<\/div>\n\t\t<\/div>\n\t\t\t\t<div class=\"elementor-column elementor-col-33 elementor-inner-column elementor-element elementor-element-37df853\" data-id=\"37df853\" data-element_type=\"column\">\n\t\t\t<div class=\"elementor-widget-wrap\">\n\t\t\t\t\t\t\t<\/div>\n\t\t<\/div>\n\t\t\t\t\t<\/div>\n\t\t<\/section>\n\t\t\t\t<div class=\"elementor-element elementor-element-d10859c elementor-widget elementor-widget-heading\" data-id=\"d10859c\" data-element_type=\"widget\" data-widget_type=\"heading.default\">\n\t\t\t\t<div class=\"elementor-widget-container\">\n\t\t\t\t\t<h4 class=\"elementor-heading-title elementor-size-large\">YOUnite <i>Unifies<\/i> Your Data Tier!<\/h4>\t\t\t\t<\/div>\n\t\t\t\t<\/div>\n\t\t\t\t<section class=\"elementor-section elementor-inner-section elementor-element elementor-element-1e906e5 elementor-section-boxed elementor-section-height-default elementor-section-height-default\" data-id=\"1e906e5\" data-element_type=\"section\">\n\t\t\t\t\t\t<div class=\"elementor-container elementor-column-gap-default\">\n\t\t\t\t\t<div class=\"elementor-column elementor-col-20 elementor-inner-column elementor-element elementor-element-debf2e2\" data-id=\"debf2e2\" data-element_type=\"column\">\n\t\t\t<div class=\"elementor-widget-wrap\">\n\t\t\t\t\t\t\t<\/div>\n\t\t<\/div>\n\t\t\t\t<div class=\"elementor-column elementor-col-20 elementor-inner-column elementor-element elementor-element-c2aa263\" data-id=\"c2aa263\" data-element_type=\"column\">\n\t\t\t<div class=\"elementor-widget-wrap elementor-element-populated\">\n\t\t\t\t\t\t<div class=\"elementor-element elementor-element-eb138bf elementor-widget-divider--view-line elementor-widget elementor-widget-divider\" data-id=\"eb138bf\" data-element_type=\"widget\" data-widget_type=\"divider.default\">\n\t\t\t\t<div class=\"elementor-widget-container\">\n\t\t\t\t\t\t\t<div class=\"elementor-divider\">\n\t\t\t<span class=\"elementor-divider-separator\">\n\t\t\t\t\t\t<\/span>\n\t\t<\/div>\n\t\t\t\t\t\t<\/div>\n\t\t\t\t<\/div>\n\t\t\t\t<div class=\"elementor-element elementor-element-56e6978 elementor-widget elementor-widget-heading\" data-id=\"56e6978\" data-element_type=\"widget\" data-widget_type=\"heading.default\">\n\t\t\t\t<div class=\"elementor-widget-container\">\n\t\t\t\t\t<h4 class=\"elementor-heading-title elementor-size-default\">Niveau de pr\u00e9sentation (UI)<\/h4>\t\t\t\t<\/div>\n\t\t\t\t<\/div>\n\t\t\t\t<div class=\"elementor-element elementor-element-b89bb00 elementor-widget-divider--view-line elementor-widget elementor-widget-divider\" data-id=\"b89bb00\" data-element_type=\"widget\" data-widget_type=\"divider.default\">\n\t\t\t\t<div class=\"elementor-widget-container\">\n\t\t\t\t\t\t\t<div class=\"elementor-divider\">\n\t\t\t<span class=\"elementor-divider-separator\">\n\t\t\t\t\t\t<\/span>\n\t\t<\/div>\n\t\t\t\t\t\t<\/div>\n\t\t\t\t<\/div>\n\t\t\t\t<div class=\"elementor-element elementor-element-47a3e11 elementor-widget elementor-widget-heading\" data-id=\"47a3e11\" data-element_type=\"widget\" data-widget_type=\"heading.default\">\n\t\t\t\t<div class=\"elementor-widget-container\">\n\t\t\t\t\t<h4 class=\"elementor-heading-title elementor-size-default\">Niveau d'application<\/h4>\t\t\t\t<\/div>\n\t\t\t\t<\/div>\n\t\t\t\t<div class=\"elementor-element elementor-element-c403278 elementor-widget-divider--view-line elementor-widget elementor-widget-divider\" data-id=\"c403278\" data-element_type=\"widget\" data-widget_type=\"divider.default\">\n\t\t\t\t<div class=\"elementor-widget-container\">\n\t\t\t\t\t\t\t<div class=\"elementor-divider\">\n\t\t\t<span class=\"elementor-divider-separator\">\n\t\t\t\t\t\t<\/span>\n\t\t<\/div>\n\t\t\t\t\t\t<\/div>\n\t\t\t\t<\/div>\n\t\t\t\t<div class=\"elementor-element elementor-element-d06566d elementor-widget elementor-widget-heading\" data-id=\"d06566d\" data-element_type=\"widget\" data-widget_type=\"heading.default\">\n\t\t\t\t<div class=\"elementor-widget-container\">\n\t\t\t\t\t<h4 class=\"elementor-heading-title elementor-size-default\">Niveau de donn\u00e9es<\/h4>\t\t\t\t<\/div>\n\t\t\t\t<\/div>\n\t\t\t\t<div class=\"elementor-element elementor-element-62e3266 elementor-widget-divider--view-line elementor-widget elementor-widget-divider\" data-id=\"62e3266\" data-element_type=\"widget\" data-widget_type=\"divider.default\">\n\t\t\t\t<div class=\"elementor-widget-container\">\n\t\t\t\t\t\t\t<div class=\"elementor-divider\">\n\t\t\t<span class=\"elementor-divider-separator\">\n\t\t\t\t\t\t<\/span>\n\t\t<\/div>\n\t\t\t\t\t\t<\/div>\n\t\t\t\t<\/div>\n\t\t\t\t\t<\/div>\n\t\t<\/div>\n\t\t\t\t<div class=\"elementor-column elementor-col-20 elementor-inner-column elementor-element elementor-element-d350598\" data-id=\"d350598\" data-element_type=\"column\">\n\t\t\t<div class=\"elementor-widget-wrap\">\n\t\t\t\t\t\t\t<\/div>\n\t\t<\/div>\n\t\t\t\t<div class=\"elementor-column elementor-col-20 elementor-inner-column elementor-element elementor-element-d0d2b6f\" data-id=\"d0d2b6f\" data-element_type=\"column\">\n\t\t\t<div class=\"elementor-widget-wrap elementor-element-populated\">\n\t\t\t\t\t\t<div class=\"elementor-element elementor-element-2e993bc elementor-widget elementor-widget-text-editor\" data-id=\"2e993bc\" data-element_type=\"widget\" data-widget_type=\"text-editor.default\">\n\t\t\t\t<div class=\"elementor-widget-container\">\n\t\t\t\t\t\t\t\t\t<p><span style=\"font-weight: 400;\">L'architecture \u00e0 trois niveaux est le mod\u00e8le pr\u00e9dominant pour les applications client-serveur et les applications web modernes.<\/span><\/p>\t\t\t\t\t\t\t\t<\/div>\n\t\t\t\t<\/div>\n\t\t\t\t<div class=\"elementor-element elementor-element-1763125 elementor-widget elementor-widget-text-editor\" data-id=\"1763125\" data-element_type=\"widget\" data-widget_type=\"text-editor.default\">\n\t\t\t\t<div class=\"elementor-widget-container\">\n\t\t\t\t\t\t\t\t\t<p class=\" translation-block\">Si votre entreprise pr\u00e9voit des taux de <strong>croissance de donn\u00e9es \u00e9lev\u00e9s<\/strong>, il est fort probable que vous souhaitiez visualiser et g\u00e9rer toutes les donn\u00e9es structur\u00e9es comme si vous regardiez \u00e0 travers un <strong>volet unique<\/strong>.<\/p>\t\t\t\t\t\t\t\t<\/div>\n\t\t\t\t<\/div>\n\t\t\t\t<div class=\"elementor-element elementor-element-972bfa2 elementor-widget elementor-widget-text-editor\" data-id=\"972bfa2\" data-element_type=\"widget\" data-widget_type=\"text-editor.default\">\n\t\t\t\t<div class=\"elementor-widget-container\">\n\t\t\t\t\t\t\t\t\t<p class=\" translation-block\">Le probl\u00e8me est que non seulement votre <strong>niveau de donn\u00e9es<\/strong> est r\u00e9parti sur plusieurs syst\u00e8mes sources, mais il est \u00e9galement r\u00e9parti sur l'ensemble, ou un sous-ensemble, de ces syst\u00e8mes :<\/p>\t\t\t\t\t\t\t\t<\/div>\n\t\t\t\t<\/div>\n\t\t\t\t<div class=\"elementor-element elementor-element-b3ddd3e elementor-widget elementor-widget-text-editor\" data-id=\"b3ddd3e\" data-element_type=\"widget\" data-widget_type=\"text-editor.default\">\n\t\t\t\t<div class=\"elementor-widget-container\">\n\t\t\t\t\t\t\t\t\t<ul><li>centres de donn\u00e9es internes<\/li><li>centres de donn\u00e9es tiers<\/li><li>centres de donn\u00e9es en p\u00e9riph\u00e9rie et sites d\u00e9centralis\u00e9s.<\/li><li>D\u00e9p\u00f4ts au cloud<\/li><\/ul>\t\t\t\t\t\t\t\t<\/div>\n\t\t\t\t<\/div>\n\t\t\t\t<div class=\"elementor-element elementor-element-d82305a elementor-widget elementor-widget-text-editor\" data-id=\"d82305a\" data-element_type=\"widget\" data-widget_type=\"text-editor.default\">\n\t\t\t\t<div class=\"elementor-widget-container\">\n\t\t\t\t\t\t\t\t\t<p><strong>Qu'est-ce que le tissu de donn\u00e9es ?<\/strong><br \/>Gartner d\u00e9finit le tissu de donn\u00e9es comme un concept de design qui sert de couche int\u00e9gr\u00e9e (tissu) de donn\u00e9es et de processus de connexion. Un tissu de donn\u00e9es utilise des analyses continues sur des m\u00e9tadonn\u00e9es existantes, accessibles et r\u00e9f\u00e9renc\u00e9es pour soutenir la conception, le d\u00e9ploiement et l'utilisation de donn\u00e9es int\u00e9gr\u00e9es et r\u00e9utilisables dans tous les environnements, y compris les plateformes hybrides et multi-clouds.\u00a0 <a href=\"https:\/\/www.gartner.com\/smarterwithgartner\/data-fabric-architecture-is-key-to-modernizing-data-management-and-integration\/\">plus...<\/a><\/p><p class=\" translation-block\"><strong>YOUnite unifie votre niveau de donn\u00e9es d'entreprise<\/strong> dans un tissu de donn\u00e9es en fournissant:<\/p>\t\t\t\t\t\t\t\t<\/div>\n\t\t\t\t<\/div>\n\t\t\t\t<div class=\"elementor-element elementor-element-5dee831 elementor-widget elementor-widget-text-editor\" data-id=\"5dee831\" data-element_type=\"widget\" data-widget_type=\"text-editor.default\">\n\t\t\t\t<div class=\"elementor-widget-container\">\n\t\t\t\t\t\t\t\t\t<ul><li><a href=\"https:\/\/younite.us\/?page_id=1251\"><strong>routage de donn\u00e9es f\u00e9d\u00e9r\u00e9es<\/strong><\/a><\/li><li><a href=\"https:\/\/younite.us\/?page_id=1298\"><strong>acc\u00e8s aux donn\u00e9es f\u00e9d\u00e9r\u00e9es<\/strong><\/a><\/li><\/ul>\t\t\t\t\t\t\t\t<\/div>\n\t\t\t\t<\/div>\n\t\t\t\t\t<\/div>\n\t\t<\/div>\n\t\t\t\t<div class=\"elementor-column elementor-col-20 elementor-inner-column elementor-element elementor-element-0402ab8\" data-id=\"0402ab8\" data-element_type=\"column\">\n\t\t\t<div class=\"elementor-widget-wrap\">\n\t\t\t\t\t\t\t<\/div>\n\t\t<\/div>\n\t\t\t\t\t<\/div>\n\t\t<\/section>\n\t\t\t\t<div class=\"elementor-element elementor-element-6a2b7e8 elementor-widget elementor-widget-spacer\" data-id=\"6a2b7e8\" data-element_type=\"widget\" data-widget_type=\"spacer.default\">\n\t\t\t\t<div class=\"elementor-widget-container\">\n\t\t\t\t\t\t\t<div class=\"elementor-spacer\">\n\t\t\t<div class=\"elementor-spacer-inner\"><\/div>\n\t\t<\/div>\n\t\t\t\t\t\t<\/div>\n\t\t\t\t<\/div>\n\t\t\t\t\t<\/div>\n\t\t<\/div>\n\t\t\t\t\t<\/div>\n\t\t<\/section>\n\t\t\t\t<\/div>","protected":false},"excerpt":{"rendered":"<p>What is YOUnite? YOUnite is a data fabric platform that enables federated data unification across an organization&#8217;s entire data tier YOUnite Unifies Your Data Tier! Presentation Tier (UI) Application Tier Data Tier The three-tier architecture is the prevailing model for client-server and modern web-applications. If your enterprise is anticipating high data growth rates, there is &hellip;<\/p>\n<p class=\"read-more\"> <a class=\"\" href=\"https:\/\/younite.us\/fr\/what-is-younite\/\"> <span class=\"screen-reader-text\">What is YOUnite<\/span> Lire la suite\u00a0\u00bb<\/a><\/p>","protected":false},"author":1,"featured_media":0,"parent":0,"menu_order":0,"comment_status":"closed","ping_status":"closed","template":"","meta":{"_mi_skip_tracking":false,"_monsterinsights_sitenote_active":false,"_monsterinsights_sitenote_note":"","_monsterinsights_sitenote_category":0,"footnotes":""},"class_list":["post-1142","page","type-page","status-publish","hentry"],"aioseo_notices":[],"_links":{"self":[{"href":"https:\/\/younite.us\/fr\/wp-json\/wp\/v2\/pages\/1142","targetHints":{"allow":["GET"]}}],"collection":[{"href":"https:\/\/younite.us\/fr\/wp-json\/wp\/v2\/pages"}],"about":[{"href":"https:\/\/younite.us\/fr\/wp-json\/wp\/v2\/types\/page"}],"author":[{"embeddable":true,"href":"https:\/\/younite.us\/fr\/wp-json\/wp\/v2\/users\/1"}],"replies":[{"embeddable":true,"href":"https:\/\/younite.us\/fr\/wp-json\/wp\/v2\/comments?post=1142"}],"version-history":[{"count":151,"href":"https:\/\/younite.us\/fr\/wp-json\/wp\/v2\/pages\/1142\/revisions"}],"predecessor-version":[{"id":4600,"href":"https:\/\/younite.us\/fr\/wp-json\/wp\/v2\/pages\/1142\/revisions\/4600"}],"wp:attachment":[{"href":"https:\/\/younite.us\/fr\/wp-json\/wp\/v2\/media?parent=1142"}],"curies":[{"name":"wp","href":"https:\/\/api.w.org\/{rel}","templated":true}]}}